{"id":45,"date":"2019-01-03T21:19:33","date_gmt":"2019-01-03T21:19:33","guid":{"rendered":"http:\/\/cms.genusplc.com\/promar-de\/?page_id=45"},"modified":"2025-03-03T15:42:45","modified_gmt":"2025-03-03T15:42:45","slug":"about-us","status":"publish","type":"page","link":"https:\/\/promar-international.com\/de\/about-us\/","title":{"rendered":"\u00dcber uns"},"content":{"rendered":"\n<h2 class=\"wp-block-heading is-style-underline\" id=\"What-we-do\">Was wir machen<\/h2>\n\n\n\n<p>Seit mehr als 60 Jahren ist Promar International ein f\u00fchrender Anbieter von Beratungsdienstleistungen f\u00fcr Landwirte, Lebensmittelunternehmen und Einzelh\u00e4ndler.<\/p>\n\n\n\n<p>Jedes Unternehmen ist einzigartig \u2013 und so ist unsere Beratung. Unsere Erfahrung zeigt: Selbst \u00e4hnliche Betriebe unterscheiden sich in ihren Herausforderungen und Zielen. Deshalb h\u00f6ren wir genau zu, lernen Ihr Unternehmen kennen und entwickeln einen individuellen Beratungsansatz, der wirklich passt.<\/p>\n\n\n\n<p class=\"is-style-default\">Datenbasierte Beratung f\u00fcr zukunftsf\u00e4hige Entscheidungen. Wir erheben und analysieren kontinuierlich Branchendaten, um Trends fr\u00fchzeitig zu erkennen und unsere Beratung auf verl\u00e4ssliche Fakten zu st\u00fctzen. So schaffen wir fundierte Entscheidungsgrundlagen f\u00fcr eine nachhaltige Zukunft.<\/p>\n\n\n\n<p>Interdisziplin\u00e4re Expertise f\u00fcr nachhaltige L\u00f6sungen.<br>Unser Team vereint Fachwissen aus Ern\u00e4hrungswissenschaft, Tiermedizin, Agrarwissenschaft, Umweltmanagement, Marketing, Finanzen, Strategie, Datenanalyse und Supply-Chain-Management. Mit unserem Hauptsitz im Vereinigten K\u00f6nigreich und Spezialteams in Deutschland sind wir weltweit im Einsatz.<\/p>\n\n\n\t<section id=\"\" class=\"alignfull section-wrapper section-wrapper-fluid section-wrapper-banner\" data-magellan-target=\"\">\n\t\t<div class=\"section-wrapper-background\" style=\"background-image: url('https:\/\/promar-international.com\/de\/wp-content\/uploads\/sites\/89\/2022\/02\/apples-g025836391_1920.jpg');\"><\/div>\n\t\t<div class=\"section-wrapper-overlay\"><\/div>\n\t\t<div class=\"section-wrapper-inner\">\n\t\t\t\t\t\t\t\t\t\t\t\t<article class=\"article article-wide\">\n\t\t\t\t\t\t\t\t\t\t\t\t\t<div class=\"section-content\">\n\t\t\t\t\t\t\t\t<h2>Entdecken Sie unseren Service<\/h2>\n\t\t\t\t\t\t\t<\/div>\n\t\t\t\t\t\t\t\t\t\t\t\t\t\t\t\t\t\t\t<a href=\"https:\/\/promar-international.com\/de\/our-services\/nachhaltigkeitsberatung\/\" class=\"button\">Service<\/a>\n\t\t\t\t\t\t\t\t\t\t\t<\/article>\n\t\t\t\t\t\t\t\t\t<\/div>\n\t<\/section>\n\t\n\n\n<p><\/p>\n\n\n\n<h2 class=\"wp-block-heading has-text-align-center\" id=\"h-wie-wir-es-angehen\">Wie wir es angehen<\/h2>\n\n\n\n<div class=\"wp-block-columns alignwide has-2-columns align-middle reverse is-layout-flex wp-container-core-columns-is-layout-1 wp-block-columns-is-layout-flex\">\n<div class=\"wp-block-column is-layout-flow wp-block-column-is-layout-flow\">\n<p>Erfahrung, die den Wandel begleitet.<br>Durch jahrelanger Praxiserfahrung in der Beratung haben wir ein tiefes Verst\u00e4ndnis f\u00fcr die Ver\u00e4nderungen in der Branche entwickelt. Dieses Wissen erm\u00f6glicht es uns, faktenbasierte Gesch\u00e4ftsentscheidungen zu begleiten und unsere Kunden in einem positiven Wandel zu unterst\u00fctzen.<\/p>\n\n\n\n<p>Kompetenz, die praxisnahe L\u00f6sungen schafft.<br>Unser Team aus hochqualifizierten und engagierten Fachleuten entwickelt ma\u00dfgeschneiderte Verbesserungen, die sich an den konkreten Bed\u00fcrfnissen unserer Kundschaft orientieren.<\/p>\n<\/div>\n\n\n\n<div class=\"wp-block-column is-layout-flow wp-block-column-is-layout-flow\">\n<figure class=\"wp-block-gallery has-nested-images columns-default is-cropped wp-block-gallery-1 is-layout-flex wp-block-gallery-is-layout-flex\">\n<figure class=\"wp-block-image size-large\"><img data-recalc-dims=\"1\" loading=\"lazy\" decoding=\"async\" height=\"1024\" width=\"683\" src=\"https:\/\/promar-international.com\/de\/wp-content\/uploads\/sites\/89\/2019\/11\/RS7973_077A2123.jpg?resize=683%2C1024\" alt=\"\" class=\"wp-image-1977\" srcset=\"https:\/\/promar-international.com\/de\/wp-content\/uploads\/sites\/89\/2019\/11\/RS7973_077A2123.jpg?w=3771 3771w, https:\/\/promar-international.com\/de\/wp-content\/uploads\/sites\/89\/2019\/11\/RS7973_077A2123.jpg?w=200 200w, https:\/\/promar-international.com\/de\/wp-content\/uploads\/sites\/89\/2019\/11\/RS7973_077A2123.jpg?w=768 768w, https:\/\/promar-international.com\/de\/wp-content\/uploads\/sites\/89\/2019\/11\/RS7973_077A2123.jpg?w=683 683w, https:\/\/promar-international.com\/de\/wp-content\/uploads\/sites\/89\/2019\/11\/RS7973_077A2123.jpg?w=1024 1024w, https:\/\/promar-international.com\/de\/wp-content\/uploads\/sites\/89\/2019\/11\/RS7973_077A2123.jpg?w=1365 1365w, https:\/\/promar-international.com\/de\/wp-content\/uploads\/sites\/89\/2019\/11\/RS7973_077A2123.jpg?w=2000 2000w, https:\/\/promar-international.com\/de\/wp-content\/uploads\/sites\/89\/2019\/11\/RS7973_077A2123.jpg?w=3000 3000w\" sizes=\"(max-width: 683px) 100vw, 683px\" \/><\/figure>\n\n\n\n<figure class=\"wp-block-image size-large\"><img data-recalc-dims=\"1\" loading=\"lazy\" decoding=\"async\" height=\"683\" width=\"1024\" src=\"https:\/\/promar-international.com\/de\/wp-content\/uploads\/sites\/89\/2019\/11\/RS7576_077A1897.jpg?resize=1024%2C683\" alt=\"\" class=\"wp-image-1970\" srcset=\"https:\/\/promar-international.com\/de\/wp-content\/uploads\/sites\/89\/2019\/11\/RS7576_077A1897.jpg?w=5760 5760w, https:\/\/promar-international.com\/de\/wp-content\/uploads\/sites\/89\/2019\/11\/RS7576_077A1897.jpg?w=300 300w, https:\/\/promar-international.com\/de\/wp-content\/uploads\/sites\/89\/2019\/11\/RS7576_077A1897.jpg?w=768 768w, https:\/\/promar-international.com\/de\/wp-content\/uploads\/sites\/89\/2019\/11\/RS7576_077A1897.jpg?w=1024 1024w, https:\/\/promar-international.com\/de\/wp-content\/uploads\/sites\/89\/2019\/11\/RS7576_077A1897.jpg?w=1536 1536w, https:\/\/promar-international.com\/de\/wp-content\/uploads\/sites\/89\/2019\/11\/RS7576_077A1897.jpg?w=2048 2048w, https:\/\/promar-international.com\/de\/wp-content\/uploads\/sites\/89\/2019\/11\/RS7576_077A1897.jpg?w=3000 3000w\" sizes=\"(max-width: 1000px) 100vw, 1000px\" \/><\/figure>\n\n\n\n<figure class=\"wp-block-image size-large\"><img data-recalc-dims=\"1\" loading=\"lazy\" decoding=\"async\" width=\"443\" height=\"440\" src=\"https:\/\/promar-international.com\/de\/wp-content\/uploads\/sites\/89\/2019\/11\/Capture4.jpg?resize=443%2C440\" alt=\"\" class=\"wp-image-1358\" srcset=\"https:\/\/promar-international.com\/de\/wp-content\/uploads\/sites\/89\/2019\/11\/Capture4.jpg?w=443 443w, https:\/\/promar-international.com\/de\/wp-content\/uploads\/sites\/89\/2019\/11\/Capture4.jpg?w=150 150w, https:\/\/promar-international.com\/de\/wp-content\/uploads\/sites\/89\/2019\/11\/Capture4.jpg?w=300 300w\" sizes=\"(max-width: 443px) 100vw, 443px\" \/><\/figure>\n<\/figure>\n\n\n\n<p><\/p>\n<\/div>\n<\/div>\n\n\n\t<section id=\"\" class=\"alignfull section-wrapper section-wrapper-fluid section-wrapper-banner\" data-magellan-target=\"\">\n\t\t<div class=\"section-wrapper-background\" style=\"background-image: url('https:\/\/promar-international.com\/de\/wp-content\/uploads\/sites\/89\/2022\/02\/apples-g025836391_1920.jpg');\"><\/div>\n\t\t<div class=\"section-wrapper-overlay\"><\/div>\n\t\t<div class=\"section-wrapper-inner\">\n\t\t\t\t\t\t\t\t\t\t\t\t<article class=\"article article-wide\">\n\t\t\t\t\t\t\t\t\t\t\t\t\t<div class=\"section-content\">\n\t\t\t\t\t\t\t\t<h2>Unser Angebot<\/h2>\n\t\t\t\t\t\t\t<\/div>\n\t\t\t\t\t\t\t\t\t\t\t\t\t\t\t\t\t\t\t<a href=\"https:\/\/promar-international.com\/de\/experten\/\" class=\"button\">Experten<\/a>\n\t\t\t\t\t\t\t\t\t\t\t<\/article>\n\t\t\t\t\t\t\t\t\t<\/div>\n\t<\/section>\n\t\n\n\n<p><\/p>\n\n\n\n<div class=\"wp-block-columns alignwide has-2-columns align-middle reverse is-layout-flex wp-container-core-columns-is-layout-2 wp-block-columns-is-layout-flex\"><\/div>\n\n\n\n<p><\/p>\n\n\n\n\n\n<p><\/p>\n","protected":false},"excerpt":{"rendered":"<p>Was wir machen Seit mehr als 60 Jahren ist Promar International ein f\u00fchrender Anbieter von Beratungsdienstleistungen f\u00fcr Landwirte, Lebensmittelunternehmen und Einzelh\u00e4ndler. Jedes Unternehmen ist einzigartig \u2013 und so ist unsere Beratung. Unsere Erfahrung zeigt: Selbst \u00e4hnliche Betriebe unterscheiden sich in ihren Herausforderungen und Zielen. Deshalb h\u00f6ren wir genau zu, lernen Ihr Unternehmen kennen und entwickeln [&hellip;]<\/p>\n","protected":false},"author":371,"featured_media":0,"parent":0,"menu_order":0,"comment_status":"closed","ping_status":"closed","template":"","meta":{"_acf_changed":false,"footnotes":""},"class_list":["post-45","page","type-page","status-publish","hentry"],"acf":[],"yoast_head":"<!-- This site is optimized with the Yoast SEO Premium plugin v23.7 (Yoast SEO v23.7) - https:\/\/yoast.com\/wordpress\/plugins\/seo\/ -->\n<title>\u00dcber uns - Promar Germany<\/title>\n<meta name=\"description\" content=\"Seit mehr als 60 Jahren ist Promar International ein f\u00fchrender Anbieter von Beratungsdienstleistungen f\u00fcr Landwirte, Lebensmittelunternehmen und Einzelh\u00e4ndler.\" \/>\n<meta name=\"robots\" content=\"index, follow, max-snippet:-1, max-image-preview:large, max-video-preview:-1\" \/>\n<link rel=\"canonical\" href=\"https:\/\/promar-international.com\/de\/about-us\/\" \/>\n<meta property=\"og:locale\" content=\"de_DE\" \/>\n<meta property=\"og:type\" content=\"article\" \/>\n<meta property=\"og:title\" content=\"Promar International\" \/>\n<meta property=\"og:description\" content=\"For more than 55 years Promar International has been a leading provider of consultancy services to farmers, food companies and retailers.\" \/>\n<meta property=\"og:url\" content=\"https:\/\/promar-international.com\/de\/about-us\/\" \/>\n<meta property=\"og:site_name\" content=\"Promar Germany\" \/>\n<meta property=\"article:modified_time\" content=\"2025-03-03T15:42:45+00:00\" \/>\n<meta property=\"og:image\" content=\"https:\/\/promar-international.com\/de\/wp-content\/uploads\/sites\/89\/2019\/10\/PromarLogo_FINAL-1-e1589793848812.png\" \/>\n\t<meta property=\"og:image:width\" content=\"200\" \/>\n\t<meta property=\"og:image:height\" content=\"135\" \/>\n\t<meta property=\"og:image:type\" content=\"image\/png\" \/>\n<meta name=\"twitter:card\" content=\"summary_large_image\" \/>\n<meta name=\"twitter:title\" content=\"Promar International\" \/>\n<meta name=\"twitter:description\" content=\"For more than 55 years Promar International has been a leading provider of consultancy services to farmers, food companies and retailers.\" \/>\n<meta name=\"twitter:label1\" content=\"Est. reading time\" \/>\n\t<meta name=\"twitter:data1\" content=\"2 Minuten\" \/>\n<script type=\"application\/ld+json\" class=\"yoast-schema-graph\">{\"@context\":\"https:\/\/schema.org\",\"@graph\":[{\"@type\":\"WebPage\",\"@id\":\"https:\/\/promar-international.com\/de\/about-us\/\",\"url\":\"https:\/\/promar-international.com\/de\/about-us\/\",\"name\":\"\u00dcber uns - Promar Germany\",\"isPartOf\":{\"@id\":\"https:\/\/promar-international.com\/de\/#website\"},\"primaryImageOfPage\":{\"@id\":\"https:\/\/promar-international.com\/de\/about-us\/#primaryimage\"},\"image\":{\"@id\":\"https:\/\/promar-international.com\/de\/about-us\/#primaryimage\"},\"thumbnailUrl\":\"https:\/\/promar-international.com\/de\/wp-content\/uploads\/sites\/89\/2019\/11\/RS7973_077A2123.jpg?resize=683,1024\",\"datePublished\":\"2019-01-03T21:19:33+00:00\",\"dateModified\":\"2025-03-03T15:42:45+00:00\",\"description\":\"Seit mehr als 60 Jahren ist Promar International ein f\u00fchrender Anbieter von Beratungsdienstleistungen f\u00fcr Landwirte, Lebensmittelunternehmen und Einzelh\u00e4ndler.\",\"breadcrumb\":{\"@id\":\"https:\/\/promar-international.com\/de\/about-us\/#breadcrumb\"},\"inLanguage\":\"de-DE\",\"potentialAction\":[{\"@type\":\"ReadAction\",\"target\":[\"https:\/\/promar-international.com\/de\/about-us\/\"]}]},{\"@type\":\"ImageObject\",\"inLanguage\":\"de-DE\",\"@id\":\"https:\/\/promar-international.com\/de\/about-us\/#primaryimage\",\"url\":\"https:\/\/promar-international.com\/de\/wp-content\/uploads\/sites\/89\/2019\/11\/RS7973_077A2123.jpg?resize=683,1024\",\"contentUrl\":\"https:\/\/promar-international.com\/de\/wp-content\/uploads\/sites\/89\/2019\/11\/RS7973_077A2123.jpg?resize=683,1024\"},{\"@type\":\"BreadcrumbList\",\"@id\":\"https:\/\/promar-international.com\/de\/about-us\/#breadcrumb\",\"itemListElement\":[{\"@type\":\"ListItem\",\"position\":1,\"name\":\"Home\",\"item\":\"https:\/\/promar-international.com\/de\/\"},{\"@type\":\"ListItem\",\"position\":2,\"name\":\"\u00dcber uns\"}]},{\"@type\":\"WebSite\",\"@id\":\"https:\/\/promar-international.com\/de\/#website\",\"url\":\"https:\/\/promar-international.com\/de\/\",\"name\":\"Promar Germany\",\"description\":\"Provider of farm and agri food consultant business advice services in UK and worldwide\",\"publisher\":{\"@id\":\"https:\/\/promar-international.com\/de\/#organization\"},\"potentialAction\":[{\"@type\":\"SearchAction\",\"target\":{\"@type\":\"EntryPoint\",\"urlTemplate\":\"https:\/\/promar-international.com\/de\/?s={search_term_string}\"},\"query-input\":{\"@type\":\"PropertyValueSpecification\",\"valueRequired\":true,\"valueName\":\"search_term_string\"}}],\"inLanguage\":\"de-DE\"},{\"@type\":\"Organization\",\"@id\":\"https:\/\/promar-international.com\/de\/#organization\",\"name\":\"Promar Germany\",\"url\":\"https:\/\/promar-international.com\/de\/\",\"logo\":{\"@type\":\"ImageObject\",\"inLanguage\":\"de-DE\",\"@id\":\"https:\/\/promar-international.com\/de\/#\/schema\/logo\/image\/\",\"url\":\"https:\/\/promar-international.com\/de\/wp-content\/uploads\/sites\/89\/2025\/12\/cropped-cropped-Promar_Full_Colour_RGB-1.jpg?fit=757%2C200\",\"contentUrl\":\"https:\/\/promar-international.com\/de\/wp-content\/uploads\/sites\/89\/2025\/12\/cropped-cropped-Promar_Full_Colour_RGB-1.jpg?fit=757%2C200\",\"width\":757,\"height\":200,\"caption\":\"Promar Germany\"},\"image\":{\"@id\":\"https:\/\/promar-international.com\/de\/#\/schema\/logo\/image\/\"}}]}<\/script>\n<!-- \/ Yoast SEO Premium plugin. -->","yoast_head_json":{"title":"\u00dcber uns - Promar Germany","description":"Seit mehr als 60 Jahren ist Promar International ein f\u00fchrender Anbieter von Beratungsdienstleistungen f\u00fcr Landwirte, Lebensmittelunternehmen und Einzelh\u00e4ndler.","robots":{"index":"index","follow":"follow","max-snippet":"max-snippet:-1","max-image-preview":"max-image-preview:large","max-video-preview":"max-video-preview:-1"},"canonical":"https:\/\/promar-international.com\/de\/about-us\/","og_locale":"de_DE","og_type":"article","og_title":"Promar International","og_description":"For more than 55 years Promar International has been a leading provider of consultancy services to farmers, food companies and retailers.","og_url":"https:\/\/promar-international.com\/de\/about-us\/","og_site_name":"Promar Germany","article_modified_time":"2025-03-03T15:42:45+00:00","og_image":[{"width":200,"height":135,"url":"https:\/\/promar-international.com\/de\/wp-content\/uploads\/sites\/89\/2019\/10\/PromarLogo_FINAL-1-e1589793848812.png","type":"image\/png"}],"twitter_card":"summary_large_image","twitter_title":"Promar International","twitter_description":"For more than 55 years Promar International has been a leading provider of consultancy services to farmers, food companies and retailers.","twitter_misc":{"Est. reading time":"2 Minuten"},"schema":{"@context":"https:\/\/schema.org","@graph":[{"@type":"WebPage","@id":"https:\/\/promar-international.com\/de\/about-us\/","url":"https:\/\/promar-international.com\/de\/about-us\/","name":"\u00dcber uns - Promar Germany","isPartOf":{"@id":"https:\/\/promar-international.com\/de\/#website"},"primaryImageOfPage":{"@id":"https:\/\/promar-international.com\/de\/about-us\/#primaryimage"},"image":{"@id":"https:\/\/promar-international.com\/de\/about-us\/#primaryimage"},"thumbnailUrl":"https:\/\/promar-international.com\/de\/wp-content\/uploads\/sites\/89\/2019\/11\/RS7973_077A2123.jpg?resize=683,1024","datePublished":"2019-01-03T21:19:33+00:00","dateModified":"2025-03-03T15:42:45+00:00","description":"Seit mehr als 60 Jahren ist Promar International ein f\u00fchrender Anbieter von Beratungsdienstleistungen f\u00fcr Landwirte, Lebensmittelunternehmen und Einzelh\u00e4ndler.","breadcrumb":{"@id":"https:\/\/promar-international.com\/de\/about-us\/#breadcrumb"},"inLanguage":"de-DE","potentialAction":[{"@type":"ReadAction","target":["https:\/\/promar-international.com\/de\/about-us\/"]}]},{"@type":"ImageObject","inLanguage":"de-DE","@id":"https:\/\/promar-international.com\/de\/about-us\/#primaryimage","url":"https:\/\/promar-international.com\/de\/wp-content\/uploads\/sites\/89\/2019\/11\/RS7973_077A2123.jpg?resize=683,1024","contentUrl":"https:\/\/promar-international.com\/de\/wp-content\/uploads\/sites\/89\/2019\/11\/RS7973_077A2123.jpg?resize=683,1024"},{"@type":"BreadcrumbList","@id":"https:\/\/promar-international.com\/de\/about-us\/#breadcrumb","itemListElement":[{"@type":"ListItem","position":1,"name":"Home","item":"https:\/\/promar-international.com\/de\/"},{"@type":"ListItem","position":2,"name":"\u00dcber uns"}]},{"@type":"WebSite","@id":"https:\/\/promar-international.com\/de\/#website","url":"https:\/\/promar-international.com\/de\/","name":"Promar Germany","description":"Provider of farm and agri food consultant business advice services in UK and worldwide","publisher":{"@id":"https:\/\/promar-international.com\/de\/#organization"},"potentialAction":[{"@type":"SearchAction","target":{"@type":"EntryPoint","urlTemplate":"https:\/\/promar-international.com\/de\/?s={search_term_string}"},"query-input":{"@type":"PropertyValueSpecification","valueRequired":true,"valueName":"search_term_string"}}],"inLanguage":"de-DE"},{"@type":"Organization","@id":"https:\/\/promar-international.com\/de\/#organization","name":"Promar Germany","url":"https:\/\/promar-international.com\/de\/","logo":{"@type":"ImageObject","inLanguage":"de-DE","@id":"https:\/\/promar-international.com\/de\/#\/schema\/logo\/image\/","url":"https:\/\/promar-international.com\/de\/wp-content\/uploads\/sites\/89\/2025\/12\/cropped-cropped-Promar_Full_Colour_RGB-1.jpg?fit=757%2C200","contentUrl":"https:\/\/promar-international.com\/de\/wp-content\/uploads\/sites\/89\/2025\/12\/cropped-cropped-Promar_Full_Colour_RGB-1.jpg?fit=757%2C200","width":757,"height":200,"caption":"Promar Germany"},"image":{"@id":"https:\/\/promar-international.com\/de\/#\/schema\/logo\/image\/"}}]}},"_links":{"self":[{"href":"https:\/\/promar-international.com\/de\/wp-json\/wp\/v2\/pages\/45"}],"collection":[{"href":"https:\/\/promar-international.com\/de\/wp-json\/wp\/v2\/pages"}],"about":[{"href":"https:\/\/promar-international.com\/de\/wp-json\/wp\/v2\/types\/page"}],"author":[{"embeddable":true,"href":"https:\/\/promar-international.com\/de\/wp-json\/wp\/v2\/users\/371"}],"replies":[{"embeddable":true,"href":"https:\/\/promar-international.com\/de\/wp-json\/wp\/v2\/comments?post=45"}],"version-history":[{"count":226,"href":"https:\/\/promar-international.com\/de\/wp-json\/wp\/v2\/pages\/45\/revisions"}],"predecessor-version":[{"id":12929,"href":"https:\/\/promar-international.com\/de\/wp-json\/wp\/v2\/pages\/45\/revisions\/12929"}],"wp:attachment":[{"href":"https:\/\/promar-international.com\/de\/wp-json\/wp\/v2\/media?parent=45"}],"curies":[{"name":"wp","href":"https:\/\/api.w.org\/{rel}","templated":true}]}}