{"id":13392,"date":"2024-07-24T14:43:25","date_gmt":"2024-07-24T14:43:25","guid":{"rendered":"https:\/\/promar-international.com\/it\/?page_id=13392"},"modified":"2024-07-24T14:48:17","modified_gmt":"2024-07-24T14:48:17","slug":"testimonianze-dei-clienti","status":"publish","type":"page","link":"https:\/\/promar-international.com\/it\/testimonianze-dei-clienti\/","title":{"rendered":"Testimonianze dei clienti"},"content":{"rendered":"\n<figure class=\"wp-block-pullquote\"><blockquote><p>&#8220;L\u2019inizio della nostra collaborazione con Promar \u00e8 partita con la necessit\u00e0 di avere sempre pi\u00f9 tutti i conti sotto controllo. Abbiamo trovato in Promar un servizio efficiente, capace di rispondere alle nostre domande e tempestivo. Ad oggi, dopo anni di analisi, abbiamo una situazione attuale chiara e la possibilit\u00e0 di confrontarla con gli anni precedenti. Utile per noi \u00e8 anche avere la possibilit\u00e0 di confrontare i dati con le altre aziende che usufruiscono di questo servizio per capire dove bisogna migliorare e dove invece si \u00e8 ottimali.&#8221;<br><br><\/p><cite><em>Simona Barozzi<\/em><br><em>Barozzi Holstein<\/em><br><em>Canneto sull\u2019Oglio (MN)<\/em><\/cite><\/blockquote><\/figure>\n\n\n\n<figure class=\"wp-block-pullquote\"><blockquote><p>&#8220;Abbiamo deciso di affidarci alla consulenza Promar, poich\u00e9 in cinque anni abbiamo sia quadruplicato il nostro fatturato sia sostenuto grossi investimenti in azienda.<br>Ci serviva un occhio esterno competente in grado di seguirci nella gestione quotidiana delle spese e di consigliarci su quali scelte affrontare a livello finanziario ed economico.&#8221;<br><br><\/p><cite><em>Matilde Bettoni<\/em><br><em>Az.agr. Dama Dairy<\/em><br><em>Tizzano val Parma (PR)<\/em><\/cite><\/blockquote><\/figure>\n\n\n\n<figure class=\"wp-block-pullquote\"><blockquote><p>&#8220;Noi anche grazie a Promar in 7 anni abbiamo triplicato il fatturato. Grazie ai loro business plan siamo riusciti a fare gli investimenti che erano in progetto. La banca ha creduto in noi anche grazie alla consulenza di Promar perch\u00e9 vedevano positivamente il supporto di professionisti esterni. Consiglio il servizio a tutte le aziende zootecniche nonostante non abbiano investimenti futuri in mente. Con Promar capisci tante cose, a partire dai tuoi costi di produzione.&#8221;<br><br><\/p><cite><em>Simone Perotti<\/em><br><em>Societ\u00e0 Agricola Perotti ss<\/em><br><em>Cerrione (BI)<\/em><\/cite><\/blockquote><\/figure>\n\n\n\n<figure class=\"wp-block-pullquote\"><blockquote><p>&#8220;Noi lavoriamo con Promar da pi\u00f9 di sei anni, ho iniziato in un momento per noi difficile dove ci hanno aiutato a fare le scelte giuste con la banca, a risolvere il problema che avevamo. Sono stati essenziali per lo sviluppo della nostra azienda. Di questo servizio ritengo importante il fatto che l&#8217;allevatore, grazie al conto economico e al controllo di gestione, ha sotto mano ci\u00f2 che gli serve quando devi fare delle scelte, non solo affrontare investimenti, ma anche per una azienda che al momento non prevede un&#8217;espansione. Il servizio \u00e8 utile per capire anche quanto i titolari possono essere remunerati in base ai profitto dell&#8217;azienda. Consiglio Promar a chiunque abbia un&#8217;azienda, a chi vuole avere tutto sotto controllo e i conti in modo ordinato.&#8221;<br><br><\/p><cite><em>Enrico Gullino<\/em><br><em>Gullino Enrico e Andrea SS Agricola<\/em><br><em>Scarnafigi (CN)<\/em><\/cite><\/blockquote><\/figure>\n\n\n\n<figure class=\"wp-block-pullquote\"><blockquote><p>&#8220;Mi sono trovato bene con Promar in questi anni perch\u00e9 mi ha aiutato a mettere in fila molte cose, molti discorsi, mettere in fila anche gli investimenti uno dopo l&#8217;altro e a ponderarli bene. Serva ad avere la situazione in mano in tempo reale in modo ordinato e attendibile. Lo consiglierei a tutti i miei colleghi allevatori perch\u00e9 \u00e8 un servizio per imparare a gestire le risorse. Promar mi ha aiutato ad avere la situazione sotto controllo durante gli investimenti, quando ho dovuto affrontare dei momenti di transizione complicati, impostando previsionali e proiettando il profitto dell&#8217;azienda negli anni successivi, supportandomi quindi anche da un punto di vista morale.&#8221;<br><br><\/p><cite><em>Flavio Ferrero<\/em><br><em>Az. Agr. Flavio ferrero<br>Sant&#8217;Albano Stura (CN)<\/em><\/cite><\/blockquote><\/figure>\n","protected":false},"excerpt":{"rendered":"<p>&#8220;L\u2019inizio della nostra collaborazione con Promar \u00e8 partita con la necessit\u00e0 di avere sempre pi\u00f9 tutti i conti sotto controllo. Abbiamo trovato in Promar un servizio efficiente, capace di rispondere alle nostre domande e tempestivo. Ad oggi, dopo anni di analisi, abbiamo una situazione attuale chiara e la possibilit\u00e0 di confrontarla con gli anni precedenti. [&hellip;]<\/p>\n","protected":false},"author":523,"featured_media":0,"parent":0,"menu_order":0,"comment_status":"closed","ping_status":"closed","template":"","meta":{"_acf_changed":false,"footnotes":""},"class_list":["post-13392","page","type-page","status-publish","hentry"],"acf":[],"yoast_head":"<!-- This site is optimized with the Yoast SEO Premium plugin v23.7 (Yoast SEO v23.7) - https:\/\/yoast.com\/wordpress\/plugins\/seo\/ -->\n<title>Testimonianze dei clienti - Promar Italy<\/title>\n<meta name=\"robots\" content=\"index, follow, max-snippet:-1, max-image-preview:large, max-video-preview:-1\" \/>\n<link rel=\"canonical\" href=\"https:\/\/promar-international.com\/it\/testimonianze-dei-clienti\/\" \/>\n<meta property=\"og:locale\" content=\"it_IT\" \/>\n<meta property=\"og:type\" content=\"article\" \/>\n<meta property=\"og:title\" content=\"Testimonianze dei clienti\" \/>\n<meta property=\"og:description\" content=\"&#8220;L\u2019inizio della nostra collaborazione con Promar \u00e8 partita con la necessit\u00e0 di avere sempre pi\u00f9 tutti i conti sotto controllo. Abbiamo trovato in Promar un servizio efficiente, capace di rispondere alle nostre domande e tempestivo. Ad oggi, dopo anni di analisi, abbiamo una situazione attuale chiara e la possibilit\u00e0 di confrontarla con gli anni precedenti. [&hellip;]\" \/>\n<meta property=\"og:url\" content=\"https:\/\/promar-international.com\/it\/testimonianze-dei-clienti\/\" \/>\n<meta property=\"og:site_name\" content=\"Promar Italy\" \/>\n<meta property=\"article:modified_time\" content=\"2024-07-24T14:48:17+00:00\" \/>\n<meta name=\"twitter:card\" content=\"summary_large_image\" \/>\n<meta name=\"twitter:label1\" content=\"Est. reading time\" \/>\n\t<meta name=\"twitter:data1\" content=\"3 minuti\" \/>\n<script type=\"application\/ld+json\" class=\"yoast-schema-graph\">{\"@context\":\"https:\/\/schema.org\",\"@graph\":[{\"@type\":\"WebPage\",\"@id\":\"https:\/\/promar-international.com\/it\/testimonianze-dei-clienti\/\",\"url\":\"https:\/\/promar-international.com\/it\/testimonianze-dei-clienti\/\",\"name\":\"Testimonianze dei clienti - Promar Italy\",\"isPartOf\":{\"@id\":\"https:\/\/promar-international.com\/it\/#website\"},\"datePublished\":\"2024-07-24T14:43:25+00:00\",\"dateModified\":\"2024-07-24T14:48:17+00:00\",\"breadcrumb\":{\"@id\":\"https:\/\/promar-international.com\/it\/testimonianze-dei-clienti\/#breadcrumb\"},\"inLanguage\":\"it-IT\",\"potentialAction\":[{\"@type\":\"ReadAction\",\"target\":[\"https:\/\/promar-international.com\/it\/testimonianze-dei-clienti\/\"]}]},{\"@type\":\"BreadcrumbList\",\"@id\":\"https:\/\/promar-international.com\/it\/testimonianze-dei-clienti\/#breadcrumb\",\"itemListElement\":[{\"@type\":\"ListItem\",\"position\":1,\"name\":\"Home\",\"item\":\"https:\/\/promar-international.com\/it\/\"},{\"@type\":\"ListItem\",\"position\":2,\"name\":\"Testimonianze dei clienti\"}]},{\"@type\":\"WebSite\",\"@id\":\"https:\/\/promar-international.com\/it\/#website\",\"url\":\"https:\/\/promar-international.com\/it\/\",\"name\":\"Promar Italy\",\"description\":\"Provider of farm and agri food consultant business advice services in UK and worldwide\",\"publisher\":{\"@id\":\"https:\/\/promar-international.com\/it\/#organization\"},\"potentialAction\":[{\"@type\":\"SearchAction\",\"target\":{\"@type\":\"EntryPoint\",\"urlTemplate\":\"https:\/\/promar-international.com\/it\/?s={search_term_string}\"},\"query-input\":{\"@type\":\"PropertyValueSpecification\",\"valueRequired\":true,\"valueName\":\"search_term_string\"}}],\"inLanguage\":\"it-IT\"},{\"@type\":\"Organization\",\"@id\":\"https:\/\/promar-international.com\/it\/#organization\",\"name\":\"Promar Italy\",\"url\":\"https:\/\/promar-international.com\/it\/\",\"logo\":{\"@type\":\"ImageObject\",\"inLanguage\":\"it-IT\",\"@id\":\"https:\/\/promar-international.com\/it\/#\/schema\/logo\/image\/\",\"url\":\"https:\/\/promar-international.com\/it\/wp-content\/uploads\/sites\/80\/2024\/02\/PromarLogo_FINAL_Cropped_v2.svg\",\"contentUrl\":\"https:\/\/promar-international.com\/it\/wp-content\/uploads\/sites\/80\/2024\/02\/PromarLogo_FINAL_Cropped_v2.svg\",\"width\":1064,\"height\":722,\"caption\":\"Promar Italy\"},\"image\":{\"@id\":\"https:\/\/promar-international.com\/it\/#\/schema\/logo\/image\/\"}}]}<\/script>\n<!-- \/ Yoast SEO Premium plugin. -->","yoast_head_json":{"title":"Testimonianze dei clienti - Promar Italy","robots":{"index":"index","follow":"follow","max-snippet":"max-snippet:-1","max-image-preview":"max-image-preview:large","max-video-preview":"max-video-preview:-1"},"canonical":"https:\/\/promar-international.com\/it\/testimonianze-dei-clienti\/","og_locale":"it_IT","og_type":"article","og_title":"Testimonianze dei clienti","og_description":"&#8220;L\u2019inizio della nostra collaborazione con Promar \u00e8 partita con la necessit\u00e0 di avere sempre pi\u00f9 tutti i conti sotto controllo. Abbiamo trovato in Promar un servizio efficiente, capace di rispondere alle nostre domande e tempestivo. Ad oggi, dopo anni di analisi, abbiamo una situazione attuale chiara e la possibilit\u00e0 di confrontarla con gli anni precedenti. [&hellip;]","og_url":"https:\/\/promar-international.com\/it\/testimonianze-dei-clienti\/","og_site_name":"Promar Italy","article_modified_time":"2024-07-24T14:48:17+00:00","twitter_card":"summary_large_image","twitter_misc":{"Est. reading time":"3 minuti"},"schema":{"@context":"https:\/\/schema.org","@graph":[{"@type":"WebPage","@id":"https:\/\/promar-international.com\/it\/testimonianze-dei-clienti\/","url":"https:\/\/promar-international.com\/it\/testimonianze-dei-clienti\/","name":"Testimonianze dei clienti - Promar Italy","isPartOf":{"@id":"https:\/\/promar-international.com\/it\/#website"},"datePublished":"2024-07-24T14:43:25+00:00","dateModified":"2024-07-24T14:48:17+00:00","breadcrumb":{"@id":"https:\/\/promar-international.com\/it\/testimonianze-dei-clienti\/#breadcrumb"},"inLanguage":"it-IT","potentialAction":[{"@type":"ReadAction","target":["https:\/\/promar-international.com\/it\/testimonianze-dei-clienti\/"]}]},{"@type":"BreadcrumbList","@id":"https:\/\/promar-international.com\/it\/testimonianze-dei-clienti\/#breadcrumb","itemListElement":[{"@type":"ListItem","position":1,"name":"Home","item":"https:\/\/promar-international.com\/it\/"},{"@type":"ListItem","position":2,"name":"Testimonianze dei clienti"}]},{"@type":"WebSite","@id":"https:\/\/promar-international.com\/it\/#website","url":"https:\/\/promar-international.com\/it\/","name":"Promar Italy","description":"Provider of farm and agri food consultant business advice services in UK and worldwide","publisher":{"@id":"https:\/\/promar-international.com\/it\/#organization"},"potentialAction":[{"@type":"SearchAction","target":{"@type":"EntryPoint","urlTemplate":"https:\/\/promar-international.com\/it\/?s={search_term_string}"},"query-input":{"@type":"PropertyValueSpecification","valueRequired":true,"valueName":"search_term_string"}}],"inLanguage":"it-IT"},{"@type":"Organization","@id":"https:\/\/promar-international.com\/it\/#organization","name":"Promar Italy","url":"https:\/\/promar-international.com\/it\/","logo":{"@type":"ImageObject","inLanguage":"it-IT","@id":"https:\/\/promar-international.com\/it\/#\/schema\/logo\/image\/","url":"https:\/\/promar-international.com\/it\/wp-content\/uploads\/sites\/80\/2024\/02\/PromarLogo_FINAL_Cropped_v2.svg","contentUrl":"https:\/\/promar-international.com\/it\/wp-content\/uploads\/sites\/80\/2024\/02\/PromarLogo_FINAL_Cropped_v2.svg","width":1064,"height":722,"caption":"Promar Italy"},"image":{"@id":"https:\/\/promar-international.com\/it\/#\/schema\/logo\/image\/"}}]}},"jetpack_sharing_enabled":true,"_links":{"self":[{"href":"https:\/\/promar-international.com\/it\/wp-json\/wp\/v2\/pages\/13392"}],"collection":[{"href":"https:\/\/promar-international.com\/it\/wp-json\/wp\/v2\/pages"}],"about":[{"href":"https:\/\/promar-international.com\/it\/wp-json\/wp\/v2\/types\/page"}],"author":[{"embeddable":true,"href":"https:\/\/promar-international.com\/it\/wp-json\/wp\/v2\/users\/523"}],"replies":[{"embeddable":true,"href":"https:\/\/promar-international.com\/it\/wp-json\/wp\/v2\/comments?post=13392"}],"version-history":[{"count":3,"href":"https:\/\/promar-international.com\/it\/wp-json\/wp\/v2\/pages\/13392\/revisions"}],"predecessor-version":[{"id":13399,"href":"https:\/\/promar-international.com\/it\/wp-json\/wp\/v2\/pages\/13392\/revisions\/13399"}],"wp:attachment":[{"href":"https:\/\/promar-international.com\/it\/wp-json\/wp\/v2\/media?parent=13392"}],"curies":[{"name":"wp","href":"https:\/\/api.w.org\/{rel}","templated":true}]}}