{"id":18,"date":"2019-01-03T18:30:26","date_gmt":"2019-01-03T18:30:26","guid":{"rendered":"http:\/\/promar-international.com\/it\/?page_id=18"},"modified":"2024-07-23T09:21:47","modified_gmt":"2024-07-23T09:21:47","slug":"promar-international","status":"publish","type":"page","link":"https:\/\/promar-international.com\/it\/","title":{"rendered":"Home"},"content":{"rendered":"\n<figure class=\"wp-block-pullquote\"><blockquote><p>&#8220;L\u2019inizio della nostra collaborazione con Promar \u00e8 partita con la necessit\u00e0 di avere sempre pi\u00f9 tutti i conti sotto controllo. Abbiamo trovato in Promar un servizio efficiente, capace di rispondere alle nostre domande e tempestivo. Ad oggi, dopo anni di analisi, abbiamo una situazione attuale chiara e la possibilit\u00e0 di confrontarla con gli anni precedenti. Utile per noi \u00e8 anche avere la possibilit\u00e0 di confrontare i dati con le altre aziende che usufruiscono di questo servizio per capire dove bisogna migliorare e dove invece si \u00e8 ottimali.&#8221;<\/p><cite><em>Simona Barozzi<\/em>\u00a0<br><em>Barozzi Holstein<\/em>\u00a0<br><em>Canneto sull\u2019Oglio (MN)<\/em>\u00a0<\/cite><\/blockquote><\/figure>\n","protected":false},"excerpt":{"rendered":"<p>&#8220;L\u2019inizio della nostra collaborazione con Promar \u00e8 partita con la necessit\u00e0 di avere sempre pi\u00f9 tutti i conti sotto controllo. Abbiamo trovato in Promar un servizio efficiente, capace di rispondere alle nostre domande e tempestivo. Ad oggi, dopo anni di analisi, abbiamo una situazione attuale chiara e la possibilit\u00e0 di confrontarla con gli anni precedenti. [&hellip;]<\/p>\n","protected":false},"author":3,"featured_media":0,"parent":0,"menu_order":0,"comment_status":"closed","ping_status":"closed","template":"","meta":{"_acf_changed":false,"footnotes":""},"class_list":["post-18","page","type-page","status-publish","hentry"],"acf":[],"yoast_head":"<!-- This site is optimized with the Yoast SEO Premium plugin v23.7 (Yoast SEO v23.7) - https:\/\/yoast.com\/wordpress\/plugins\/seo\/ -->\n<title>Agricultural and Sustainability Consultancy Promar Italy<\/title>\n<meta name=\"description\" content=\"Promar International provides Consultancy from farm to fork. Specialising in dairy farming, financial management &amp; sustainability solutions.\" \/>\n<meta name=\"robots\" content=\"index, follow, max-snippet:-1, max-image-preview:large, max-video-preview:-1\" \/>\n<link rel=\"canonical\" href=\"https:\/\/promar-international.com\/it\/\" \/>\n<meta property=\"og:locale\" content=\"it_IT\" \/>\n<meta property=\"og:type\" content=\"article\" \/>\n<meta property=\"og:title\" content=\"Home\" \/>\n<meta property=\"og:description\" content=\"Promar International provides Consultancy from farm to fork. Specialising in dairy farming, financial management &amp; sustainability solutions.\" \/>\n<meta property=\"og:url\" content=\"https:\/\/promar-international.com\/it\/\" \/>\n<meta property=\"og:site_name\" content=\"Promar Italy\" \/>\n<meta property=\"article:modified_time\" content=\"2024-07-23T09:21:47+00:00\" \/>\n<meta name=\"twitter:card\" content=\"summary_large_image\" \/>\n<meta name=\"twitter:label1\" content=\"Est. reading time\" \/>\n\t<meta name=\"twitter:data1\" content=\"1 minuto\" \/>\n<script type=\"application\/ld+json\" class=\"yoast-schema-graph\">{\"@context\":\"https:\/\/schema.org\",\"@graph\":[{\"@type\":\"WebPage\",\"@id\":\"https:\/\/promar-international.com\/it\/\",\"url\":\"https:\/\/promar-international.com\/it\/\",\"name\":\"Agricultural and Sustainability Consultancy Promar Italy\",\"isPartOf\":{\"@id\":\"https:\/\/promar-international.com\/it\/#website\"},\"datePublished\":\"2019-01-03T18:30:26+00:00\",\"dateModified\":\"2024-07-23T09:21:47+00:00\",\"description\":\"Promar International provides Consultancy from farm to fork. Specialising in dairy farming, financial management & sustainability solutions.\",\"breadcrumb\":{\"@id\":\"https:\/\/promar-international.com\/it\/#breadcrumb\"},\"inLanguage\":\"it-IT\",\"potentialAction\":[{\"@type\":\"ReadAction\",\"target\":[\"https:\/\/promar-international.com\/it\/\"]}]},{\"@type\":\"BreadcrumbList\",\"@id\":\"https:\/\/promar-international.com\/it\/#breadcrumb\",\"itemListElement\":[{\"@type\":\"ListItem\",\"position\":1,\"name\":\"Home\",\"item\":\"https:\/\/promar-international.com\/it\/\"},{\"@type\":\"ListItem\",\"position\":2,\"name\":\"Home\"}]},{\"@type\":\"WebSite\",\"@id\":\"https:\/\/promar-international.com\/it\/#website\",\"url\":\"https:\/\/promar-international.com\/it\/\",\"name\":\"Promar Italy\",\"description\":\"Provider of farm and agri food consultant business advice services in UK and worldwide\",\"publisher\":{\"@id\":\"https:\/\/promar-international.com\/it\/#organization\"},\"potentialAction\":[{\"@type\":\"SearchAction\",\"target\":{\"@type\":\"EntryPoint\",\"urlTemplate\":\"https:\/\/promar-international.com\/it\/?s={search_term_string}\"},\"query-input\":{\"@type\":\"PropertyValueSpecification\",\"valueRequired\":true,\"valueName\":\"search_term_string\"}}],\"inLanguage\":\"it-IT\"},{\"@type\":\"Organization\",\"@id\":\"https:\/\/promar-international.com\/it\/#organization\",\"name\":\"Promar Italy\",\"url\":\"https:\/\/promar-international.com\/it\/\",\"logo\":{\"@type\":\"ImageObject\",\"inLanguage\":\"it-IT\",\"@id\":\"https:\/\/promar-international.com\/it\/#\/schema\/logo\/image\/\",\"url\":\"https:\/\/promar-international.com\/it\/wp-content\/uploads\/sites\/80\/2024\/02\/PromarLogo_FINAL_Cropped_v2.svg\",\"contentUrl\":\"https:\/\/promar-international.com\/it\/wp-content\/uploads\/sites\/80\/2024\/02\/PromarLogo_FINAL_Cropped_v2.svg\",\"width\":1064,\"height\":722,\"caption\":\"Promar Italy\"},\"image\":{\"@id\":\"https:\/\/promar-international.com\/it\/#\/schema\/logo\/image\/\"}}]}<\/script>\n<!-- \/ Yoast SEO Premium plugin. -->","yoast_head_json":{"title":"Agricultural and Sustainability Consultancy Promar Italy","description":"Promar International provides Consultancy from farm to fork. Specialising in dairy farming, financial management & sustainability solutions.","robots":{"index":"index","follow":"follow","max-snippet":"max-snippet:-1","max-image-preview":"max-image-preview:large","max-video-preview":"max-video-preview:-1"},"canonical":"https:\/\/promar-international.com\/it\/","og_locale":"it_IT","og_type":"article","og_title":"Home","og_description":"Promar International provides Consultancy from farm to fork. Specialising in dairy farming, financial management & sustainability solutions.","og_url":"https:\/\/promar-international.com\/it\/","og_site_name":"Promar Italy","article_modified_time":"2024-07-23T09:21:47+00:00","twitter_card":"summary_large_image","twitter_misc":{"Est. reading time":"1 minuto"},"schema":{"@context":"https:\/\/schema.org","@graph":[{"@type":"WebPage","@id":"https:\/\/promar-international.com\/it\/","url":"https:\/\/promar-international.com\/it\/","name":"Agricultural and Sustainability Consultancy Promar Italy","isPartOf":{"@id":"https:\/\/promar-international.com\/it\/#website"},"datePublished":"2019-01-03T18:30:26+00:00","dateModified":"2024-07-23T09:21:47+00:00","description":"Promar International provides Consultancy from farm to fork. Specialising in dairy farming, financial management & sustainability solutions.","breadcrumb":{"@id":"https:\/\/promar-international.com\/it\/#breadcrumb"},"inLanguage":"it-IT","potentialAction":[{"@type":"ReadAction","target":["https:\/\/promar-international.com\/it\/"]}]},{"@type":"BreadcrumbList","@id":"https:\/\/promar-international.com\/it\/#breadcrumb","itemListElement":[{"@type":"ListItem","position":1,"name":"Home","item":"https:\/\/promar-international.com\/it\/"},{"@type":"ListItem","position":2,"name":"Home"}]},{"@type":"WebSite","@id":"https:\/\/promar-international.com\/it\/#website","url":"https:\/\/promar-international.com\/it\/","name":"Promar Italy","description":"Provider of farm and agri food consultant business advice services in UK and worldwide","publisher":{"@id":"https:\/\/promar-international.com\/it\/#organization"},"potentialAction":[{"@type":"SearchAction","target":{"@type":"EntryPoint","urlTemplate":"https:\/\/promar-international.com\/it\/?s={search_term_string}"},"query-input":{"@type":"PropertyValueSpecification","valueRequired":true,"valueName":"search_term_string"}}],"inLanguage":"it-IT"},{"@type":"Organization","@id":"https:\/\/promar-international.com\/it\/#organization","name":"Promar Italy","url":"https:\/\/promar-international.com\/it\/","logo":{"@type":"ImageObject","inLanguage":"it-IT","@id":"https:\/\/promar-international.com\/it\/#\/schema\/logo\/image\/","url":"https:\/\/promar-international.com\/it\/wp-content\/uploads\/sites\/80\/2024\/02\/PromarLogo_FINAL_Cropped_v2.svg","contentUrl":"https:\/\/promar-international.com\/it\/wp-content\/uploads\/sites\/80\/2024\/02\/PromarLogo_FINAL_Cropped_v2.svg","width":1064,"height":722,"caption":"Promar Italy"},"image":{"@id":"https:\/\/promar-international.com\/it\/#\/schema\/logo\/image\/"}}]}},"jetpack_sharing_enabled":true,"_links":{"self":[{"href":"https:\/\/promar-international.com\/it\/wp-json\/wp\/v2\/pages\/18"}],"collection":[{"href":"https:\/\/promar-international.com\/it\/wp-json\/wp\/v2\/pages"}],"about":[{"href":"https:\/\/promar-international.com\/it\/wp-json\/wp\/v2\/types\/page"}],"author":[{"embeddable":true,"href":"https:\/\/promar-international.com\/it\/wp-json\/wp\/v2\/users\/3"}],"replies":[{"embeddable":true,"href":"https:\/\/promar-international.com\/it\/wp-json\/wp\/v2\/comments?post=18"}],"version-history":[{"count":586,"href":"https:\/\/promar-international.com\/it\/wp-json\/wp\/v2\/pages\/18\/revisions"}],"predecessor-version":[{"id":13390,"href":"https:\/\/promar-international.com\/it\/wp-json\/wp\/v2\/pages\/18\/revisions\/13390"}],"wp:attachment":[{"href":"https:\/\/promar-international.com\/it\/wp-json\/wp\/v2\/media?parent=18"}],"curies":[{"name":"wp","href":"https:\/\/api.w.org\/{rel}","templated":true}]}}